{"id":4249,"date":"2024-05-02T13:13:53","date_gmt":"2024-05-02T13:13:53","guid":{"rendered":"https:\/\/skyolix.com\/?page_id=4249"},"modified":"2024-05-02T17:17:28","modified_gmt":"2024-05-02T17:17:28","slug":"neues-modell-fur-bezahlte-eintrage","status":"publish","type":"page","link":"https:\/\/skyolix.com\/de\/new-paid-listing-model\/","title":{"rendered":"Neues Modell f\u00fcr bezahlte Eintr\u00e4ge"},"content":{"rendered":"<div data-elementor-type=\"wp-page\" data-elementor-id=\"4249\" class=\"elementor elementor-4249\">\n\t\t\t\t\t\t<section class=\"elementor-section elementor-top-section elementor-element elementor-element-1c57705 elementor-section-boxed elementor-section-height-default elementor-section-height-default rt-parallax-bg-no\" data-id=\"1c57705\" data-element_type=\"section\" data-e-type=\"section\">\n\t\t\t\t\t\t<div class=\"elementor-container elementor-column-gap-default\">\n\t\t\t\t\t<div class=\"elementor-column elementor-col-100 elementor-top-column elementor-element elementor-element-ba22cf0\" data-id=\"ba22cf0\" data-element_type=\"column\" data-e-type=\"column\">\n\t\t\t<div class=\"elementor-widget-wrap elementor-element-populated\">\n\t\t\t\t\t\t<div class=\"elementor-element elementor-element-3086f7e elementor-widget elementor-widget-heading\" data-id=\"3086f7e\" data-element_type=\"widget\" data-e-type=\"widget\" data-widget_type=\"heading.default\">\n\t\t\t\t<div class=\"elementor-widget-container\">\n\t\t\t\t\t<h2 class=\"elementor-heading-title elementor-size-default\">Entdecken Sie die Vorteile unseres neuen Modells f\u00fcr bezahlte Eintr\u00e4ge!\n<\/h2>\t\t\t\t<\/div>\n\t\t\t\t<\/div>\n\t\t\t\t\t<\/div>\n\t\t<\/div>\n\t\t\t\t\t<\/div>\n\t\t<\/section>\n\t\t\t\t<section class=\"elementor-section elementor-top-section elementor-element elementor-element-71b7c83 elementor-section-boxed elementor-section-height-default elementor-section-height-default rt-parallax-bg-no\" data-id=\"71b7c83\" data-element_type=\"section\" data-e-type=\"section\">\n\t\t\t\t\t\t<div class=\"elementor-container elementor-column-gap-default\">\n\t\t\t\t\t<div class=\"elementor-column elementor-col-100 elementor-top-column elementor-element elementor-element-5069422\" data-id=\"5069422\" data-element_type=\"column\" data-e-type=\"column\">\n\t\t\t<div class=\"elementor-widget-wrap elementor-element-populated\">\n\t\t\t\t\t\t<div class=\"elementor-element elementor-element-1bda3ef elementor-widget elementor-widget-spacer\" data-id=\"1bda3ef\" data-element_type=\"widget\" data-e-type=\"widget\" data-widget_type=\"spacer.default\">\n\t\t\t\t<div class=\"elementor-widget-container\">\n\t\t\t\t\t\t\t<div class=\"elementor-spacer\">\n\t\t\t<div class=\"elementor-spacer-inner\"><\/div>\n\t\t<\/div>\n\t\t\t\t\t\t<\/div>\n\t\t\t\t<\/div>\n\t\t\t\t\t<\/div>\n\t\t<\/div>\n\t\t\t\t\t<\/div>\n\t\t<\/section>\n\t\t\t\t<section class=\"elementor-section elementor-top-section elementor-element elementor-element-53dbe84 elementor-section-boxed elementor-section-height-default elementor-section-height-default rt-parallax-bg-no\" data-id=\"53dbe84\" data-element_type=\"section\" data-e-type=\"section\">\n\t\t\t\t\t\t<div class=\"elementor-container elementor-column-gap-default\">\n\t\t\t\t\t<div class=\"elementor-column elementor-col-100 elementor-top-column elementor-element elementor-element-314cd35\" data-id=\"314cd35\" data-element_type=\"column\" data-e-type=\"column\">\n\t\t\t<div class=\"elementor-widget-wrap elementor-element-populated\">\n\t\t\t\t\t\t<div class=\"elementor-element elementor-element-7f51c47 elementor-widget elementor-widget-rt-accordian\" data-id=\"7f51c47\" data-element_type=\"widget\" data-e-type=\"widget\" data-widget_type=\"rt-accordian.default\">\n\t\t\t\t<div class=\"elementor-widget-container\">\n\t\t\t\t\t<div class=\"rt-el-accordian\">\r\n\t<div class=\"accordion\" id=\"u-0-66300300-1778440472\">\r\n\t\t\t\t\t\t\t\t<div class=\"card\">\r\n\t\t\t\t<div class=\"card-header\">\r\n\t\t\t\t\t<a href=\"#\" class=\"collapsed\" data-toggle=\"collapse\" data-target=\"#u-0-66301300-1778440472\" aria-expanded=\"true\"> Entdecken Sie die Vorteile unseres neuen Modells f\u00fcr bezahlte Eintr\u00e4ge!<\/a>\r\n\t\t\t\t<\/div>\r\n\t\t\t\t<div id=\"u-0-66301300-1778440472\" class=\"collapse\" data-parent=\"#u-0-66300300-1778440472\">\r\n\t\t\t\t\t<div class=\"card-body\"><div class=\"article-body\"><p>Wir sind vor Kurzem in einigen L\u00e4ndern, in denen wir t\u00e4tig sind, auf ein kostenpflichtiges Listing-Modell umgestiegen und freuen uns, Ihnen mitteilen zu k\u00f6nnen, wie dies Ihr Erlebnis auf unserer Plattform verbessern und Ihnen einen noch gr\u00f6\u00dferen Mehrwert bieten wird.\u00a0<\/p><p><strong>1. Effektiver verkaufen:<\/strong><\/p><ul><li><strong>Weniger Unordnung:\u00a0<\/strong>Mit bezahlten Eintr\u00e4gen filtern wir Spam, irrelevante Inhalte und Eintr\u00e4ge von geringer Qualit\u00e4t heraus und stellen sicher, dass Ihre Produkte oder Dienstleistungen auf einem verfeinerten und gut kuratierten Marktplatz die Aufmerksamkeit erhalten, die sie verdienen. Dies f\u00fchrt dazu, dass eine gr\u00f6\u00dfere Anzahl interessierter K\u00e4ufer Sie \u00fcber unsere Plattform kontaktieren.\u00a0<\/li><li><strong>Weitere M\u00f6glichkeiten, sich abzuheben:<\/strong>\u00a0Wenn Sie m\u00f6chten, k\u00f6nnen Sie noch zus\u00e4tzliche Dienste erwerben, um die Sichtbarkeit Ihres Eintrags zu verbessern. Auf diese Weise stellen Sie sicher, dass Ihr Eintrag mehr Menschen erreicht, und erh\u00f6hen Ihre Chancen auf einen erfolgreichen Abschluss einer Transaktion erheblich.\u00a0<\/li><\/ul><p><strong>2. Seri\u00f6se K\u00e4ufer und Verk\u00e4ufer:<\/strong><\/p><ul><li><strong>Besseres Engagement:<\/strong>\u00a0Wir haben festgestellt, dass die Einf\u00fchrung von Geb\u00fchren das Engagement unserer Nutzerbasis erh\u00f6ht hat. Das bedeutet mehr ernsthafte K\u00e4ufer und Verk\u00e4ufer und eine vertrauensw\u00fcrdigere und engagiertere Community.<\/li><li><strong>Fokus auf Qualit\u00e4t:<\/strong>\u00a0Verabschieden Sie sich von Zeitverschwendern. Unser kostenpflichtiges Modell stellt sicher, dass jeder auf der Plattform gelistete Benutzer wirklich daran interessiert ist, Transaktionen so schnell wie m\u00f6glich abzuschlie\u00dfen.<\/li><\/ul><p><strong>3. Wettbewerbsf\u00e4hige Listing-Geb\u00fchren:<\/strong><\/p><ul><li><strong>Besserer Wert:<\/strong>\u00a0Wir wissen, wie wichtig Kosteneffizienz ist. Daher bieten wir Ihnen einen un\u00fcbertroffenen Mehrwert in Form von Diensten und Funktionen, die Sie f\u00fcr die gezahlten Geb\u00fchren erhalten.<\/li><li><strong>Sie erhalten mehr:<\/strong>\u00a0Ihre Investition geht \u00fcber die blo\u00dfe Auflistung hinaus; sie tr\u00e4gt zu kontinuierlichen Plattformverbesserungen, technologischen Fortschritten und einem verbesserten Kundensupport bei.<\/li><\/ul><p>Wir ermutigen Sie, die neue \u00c4ra des Kaufens und Verkaufens auf unserer Plattform zu begr\u00fc\u00dfen. Wir versprechen Ihnen, stets daran zu arbeiten, Ihre Zufriedenheit zu verbessern und zu Ihrem Erfolg beizutragen.<\/p><\/div><\/div>\r\n\t\t\t\t<\/div>\r\n\t\t\t<\/div>\r\n\t\t\t<\/div>\r\n<\/div>\t\t\t\t<\/div>\n\t\t\t\t<\/div>\n\t\t\t\t\t<\/div>\n\t\t<\/div>\n\t\t\t\t\t<\/div>\n\t\t<\/section>\n\t\t\t\t<\/div>","protected":false},"excerpt":{"rendered":"<p>Discover the benefits of our new paid listings model! Discover the benefits of our new paid listings model! We recently shifted to a paid listing model in some countries where we operate, and we are excited to share how this will enhance your experience on our platform and bring you even more value.\u00a0 1. More<\/p>","protected":false},"author":1,"featured_media":0,"parent":0,"menu_order":0,"comment_status":"closed","ping_status":"closed","template":"","meta":{"_rtcl_gb_attr":"","footnotes":""},"class_list":["post-4249","page","type-page","status-publish","hentry"],"_links":{"self":[{"href":"https:\/\/skyolix.com\/de\/wp-json\/wp\/v2\/pages\/4249","targetHints":{"allow":["GET"]}}],"collection":[{"href":"https:\/\/skyolix.com\/de\/wp-json\/wp\/v2\/pages"}],"about":[{"href":"https:\/\/skyolix.com\/de\/wp-json\/wp\/v2\/types\/page"}],"author":[{"embeddable":true,"href":"https:\/\/skyolix.com\/de\/wp-json\/wp\/v2\/users\/1"}],"replies":[{"embeddable":true,"href":"https:\/\/skyolix.com\/de\/wp-json\/wp\/v2\/comments?post=4249"}],"version-history":[{"count":4,"href":"https:\/\/skyolix.com\/de\/wp-json\/wp\/v2\/pages\/4249\/revisions"}],"predecessor-version":[{"id":4275,"href":"https:\/\/skyolix.com\/de\/wp-json\/wp\/v2\/pages\/4249\/revisions\/4275"}],"wp:attachment":[{"href":"https:\/\/skyolix.com\/de\/wp-json\/wp\/v2\/media?parent=4249"}],"curies":[{"name":"wp","href":"https:\/\/api.w.org\/{rel}","templated":true}]}}